{"id":2,"date":"2022-11-09T09:08:52","date_gmt":"2022-11-09T09:08:52","guid":{"rendered":"https:\/\/www.qbkg.com\/?page_id=2"},"modified":"2024-09-13T09:38:40","modified_gmt":"2024-09-13T01:38:40","slug":"about-us","status":"publish","type":"page","link":"https:\/\/www.swdlfj.com\/fr\/about-us","title":{"rendered":"\u00c0 propos de nous"},"content":{"rendered":"<p>Yueqing Chengyang Electric Co., Ltd. Est situ\u00e9 dans la ville de liuzhen, Zhejiang, la capitale de l&rsquo;\u00e9lectrom\u00e9nager de la Chine. C&rsquo;est une entreprise tourn\u00e9e vers l&rsquo;ext\u00e9rieur qui int\u00e8gre la recherche et le d\u00e9veloppement, la production et le commerce. Les produits d&rsquo;\u00e9clairage sont domin\u00e9s par les appareils d&rsquo;\u00e9clairage et les appareils de contr\u00f4le, y compris les mini &#8211; disjoncteurs, les disjoncteurs de fuite, les disjoncteurs \u00e0 bo\u00eetier moul\u00e9 et les protecteurs de surtension; L&rsquo;\u00e9quipement de contr\u00f4le comprend des contacteurs AC, des disjoncteurs command\u00e9s par moteur, des relais thermiques, etc.<br \/>Ces derni\u00e8res ann\u00e9es, selon le march\u00e9 et la demande des clients, Chengyang Electric a d\u00e9velopp\u00e9 et lanc\u00e9 de nouveaux produits \u00e9lectriques \u00e0 courant continu d&rsquo;\u00e9nergie, largement utilis\u00e9s dans l&rsquo;\u00e9nergie solaire, les piles de charge automobile et d&rsquo;autres environnements \u00e0 courant continu.<\/p>\r\n<p>La soci\u00e9t\u00e9 dispose d&rsquo;une \u00e9quipe professionnelle de R &amp; D et de gestion pour am\u00e9liorer le niveau technique, le concept de production avanc\u00e9 et l&rsquo;\u00e9quipement d&rsquo;inspection, \u00e9tablir un syst\u00e8me de qualit\u00e9 selon les normes et l&rsquo;ex\u00e9cuter strictement pour assurer la qualit\u00e9 des produits et des processus conform\u00e9ment aux normes nationales pertinentes.<\/p>\r\n<p>La soci\u00e9t\u00e9 adh\u00e8re toujours aux trois principes de \u00ab\u00a0client d&rsquo;abord, Service d&rsquo;abord, qualit\u00e9 d&rsquo;abord\u00a0\u00bb. Les produits sont favoris\u00e9s et bien re\u00e7us par un large \u00e9ventail d&rsquo;utilisateurs.<\/p>","protected":false},"excerpt":{"rendered":"<p>Yueqing Chengyang Electric Co., Ltd. Est situ\u00e9 dans la ville de liuzhen, Zhejiang, la capitale de l&rsquo;\u00e9lectrom\u00e9nager de la Chine. C&rsquo;est une entreprise tourn\u00e9e vers l&rsquo;ext\u00e9rieur qui int\u00e8gre la recherche et le d\u00e9veloppement, la production et le commerce. Les produits d&rsquo;\u00e9clairage sont domin\u00e9s par les appareils d&rsquo;\u00e9clairage et les appareils de contr\u00f4le, y compris les [&hellip;]<\/p>\n","protected":false},"author":1,"featured_media":0,"parent":0,"menu_order":0,"comment_status":"closed","ping_status":"open","template":"","meta":{"footnotes":""},"class_list":["post-2","page","type-page","status-publish","hentry"],"_links":{"self":[{"href":"https:\/\/www.swdlfj.com\/fr\/wp-json\/wp\/v2\/pages\/2","targetHints":{"allow":["GET"]}}],"collection":[{"href":"https:\/\/www.swdlfj.com\/fr\/wp-json\/wp\/v2\/pages"}],"about":[{"href":"https:\/\/www.swdlfj.com\/fr\/wp-json\/wp\/v2\/types\/page"}],"author":[{"embeddable":true,"href":"https:\/\/www.swdlfj.com\/fr\/wp-json\/wp\/v2\/users\/1"}],"replies":[{"embeddable":true,"href":"https:\/\/www.swdlfj.com\/fr\/wp-json\/wp\/v2\/comments?post=2"}],"version-history":[{"count":0,"href":"https:\/\/www.swdlfj.com\/fr\/wp-json\/wp\/v2\/pages\/2\/revisions"}],"wp:attachment":[{"href":"https:\/\/www.swdlfj.com\/fr\/wp-json\/wp\/v2\/media?parent=2"}],"curies":[{"name":"wp","href":"https:\/\/api.w.org\/{rel}","templated":true}]}}